{"id":4303,"date":"2020-04-02T13:18:03","date_gmt":"2020-04-02T11:18:03","guid":{"rendered":"https:\/\/sisuko.ee\/toode\/riiul-kapp-aida\/"},"modified":"2020-04-02T13:18:03","modified_gmt":"2020-04-02T11:18:03","slug":"riiul-kapp-aida","status":"publish","type":"product","link":"https:\/\/sisuko.ee\/it\/prodotto\/riiul-kapp-aida\/","title":{"rendered":"Riiul-kapp &#8220;Aida&#8221;"},"content":{"rendered":"<p>Valmistatud tislerikilbist (kokkuliimitud okaspuit lamellid) ja kaetud naturaalse tammespooniga.<br \/>\nPaneelidel spooni muster erisuunaline.<br \/>\nViimistlus lakk.<br \/>\nRiiul-kapp kahe uksega, hinged vaikselt sulguvad.<br \/>\nJalaraamistiku k\u00f5rgus 150 mm, p\u00f5randa ja kapi vaheline vaba ruum 110 mm.<\/p>","protected":false},"excerpt":{"rendered":"<p>Tislerikilbist, v\u00e4\u00e4risspooniga kaetud riiul-kapp kahe uksega.<\/p>","protected":false},"featured_media":1962,"template":"","meta":{"_acf_changed":false,"_seopress_robots_primary_cat":"","_seopress_titles_title":"Riiul-kapp AIDA - Naturaalne tammespoon - Sisustuskoda","_seopress_titles_desc":"Riiul-kapp AIDA - Naturaalne tammespoon - Sisustuskoda tislerite loodud AIDA disainm\u00f6\u00f6bel. Kvaliteetsed materjalid ja parimad teadmised m\u00f6\u00f6blitootmisest.","_seopress_robots_index":"","site-sidebar-layout":"default","site-content-layout":"","ast-site-content-layout":"default","site-content-style":"default","site-sidebar-style":"default","ast-global-header-display":"","ast-banner-title-visibility":"","ast-main-header-display":"","ast-hfb-above-header-display":"","ast-hfb-below-header-display":"","ast-hfb-mobile-header-display":"","site-post-title":"","ast-breadcrumbs-content":"","ast-featured-img":"","footer-sml-layout":"","ast-disable-related-posts":"","theme-transparent-header-meta":"","adv-header-id-meta":"","stick-header-meta":"","header-above-stick-meta":"","header-main-stick-meta":"","header-below-stick-meta":"","astra-migrate-meta-layouts":"default","ast-page-background-enabled":"default","ast-page-background-meta":{"desktop":{"background-color":"","background-image":"","background-repeat":"repeat","background-position":"center center","background-size":"auto","background-attachment":"scroll","background-type":"","background-media":"","overlay-type":"","overlay-color":"","overlay-opacity":"","overlay-gradient":""},"tablet":{"background-color":"","background-image":"","background-repeat":"repeat","background-position":"center center","background-size":"auto","background-attachment":"scroll","background-type":"","background-media":"","overlay-type":"","overlay-color":"","overlay-opacity":"","overlay-gradient":""},"mobile":{"background-color":"","background-image":"","background-repeat":"repeat","background-position":"center center","background-size":"auto","background-attachment":"scroll","background-type":"","background-media":"","overlay-type":"","overlay-color":"","overlay-opacity":"","overlay-gradient":""}},"ast-content-background-meta":{"desktop":{"background-color":"var(--ast-global-color-5)","background-image":"","background-repeat":"repeat","background-position":"center center","background-size":"auto","background-attachment":"scroll","background-type":"","background-media":"","overlay-type":"","overlay-color":"","overlay-opacity":"","overlay-gradient":""},"tablet":{"background-color":"var(--ast-global-color-5)","background-image":"","background-repeat":"repeat","background-position":"center center","background-size":"auto","background-attachment":"scroll","background-type":"","background-media":"","overlay-type":"","overlay-color":"","overlay-opacity":"","overlay-gradient":""},"mobile":{"background-color":"var(--ast-global-color-5)","background-image":"","background-repeat":"repeat","background-position":"center center","background-size":"auto","background-attachment":"scroll","background-type":"","background-media":"","overlay-type":"","overlay-color":"","overlay-opacity":"","overlay-gradient":""}}},"product_brand":[],"product_cat":[154,153],"product_tag":[156,161,160],"class_list":{"0":"post-4303","1":"product","2":"type-product","3":"status-publish","4":"has-post-thumbnail","6":"product_cat-aida","7":"product_cat-moobel","8":"product_tag-kapp","9":"product_tag-riiul","10":"product_tag-riiul-kapp","11":"pa_korgus-mm-159","12":"pa_laius-mm-158","13":"pa_pikkus-mm-157","14":"pa_tarneaeg-kuni-30-paeva","15":"pa_toonid-naturaalne-tamm-jalad-tamm-peitsitud-must","16":"pa_viimistlus-lakk","17":"desktop-align-center","18":"tablet-align-center","19":"mobile-align-center","20":"ast-product-gallery-layout-horizontal","21":"ast-product-gallery-with-no-image","22":"ast-magnify-disabled","23":"ast-product-tabs-layout-horizontal","25":"first","26":"onbackorder","27":"taxable","28":"shipping-taxable","29":"purchasable","30":"product-type-simple"},"acf":[],"_links":{"self":[{"href":"https:\/\/sisuko.ee\/it\/wp-json\/wp\/v2\/product\/4303","targetHints":{"allow":["GET"]}}],"collection":[{"href":"https:\/\/sisuko.ee\/it\/wp-json\/wp\/v2\/product"}],"about":[{"href":"https:\/\/sisuko.ee\/it\/wp-json\/wp\/v2\/types\/product"}],"version-history":[{"count":0,"href":"https:\/\/sisuko.ee\/it\/wp-json\/wp\/v2\/product\/4303\/revisions"}],"wp:featuredmedia":[{"embeddable":true,"href":"https:\/\/sisuko.ee\/it\/wp-json\/wp\/v2\/media\/1962"}],"wp:attachment":[{"href":"https:\/\/sisuko.ee\/it\/wp-json\/wp\/v2\/media?parent=4303"}],"wp:term":[{"taxonomy":"product_brand","embeddable":true,"href":"https:\/\/sisuko.ee\/it\/wp-json\/wp\/v2\/product_brand?post=4303"},{"taxonomy":"product_cat","embeddable":true,"href":"https:\/\/sisuko.ee\/it\/wp-json\/wp\/v2\/product_cat?post=4303"},{"taxonomy":"product_tag","embeddable":true,"href":"https:\/\/sisuko.ee\/it\/wp-json\/wp\/v2\/product_tag?post=4303"}],"curies":[{"name":"wp","href":"https:\/\/api.w.org\/{rel}","templated":true}]}}