{"id":11511,"date":"2021-08-30T13:17:13","date_gmt":"2021-08-30T11:17:13","guid":{"rendered":"https:\/\/sisuko.ee\/toode\/vannilaud-sisuko-tamm\/"},"modified":"2025-11-18T18:32:02","modified_gmt":"2025-11-18T15:32:02","slug":"vannilaud-sisuko-tamm","status":"publish","type":"product","link":"https:\/\/sisuko.ee\/it\/prodotto\/vannilaud-sisuko-tamm\/","title":{"rendered":"Vannilaud &#8220;Sisuko tamm&#8221;"},"content":{"rendered":"<p>Vannilaud &#8220;Sisuko tamm&#8221;<br \/>\nDisainer Therese Ostrat soovide ja n\u00e4pun\u00e4idete j\u00e4rgi kujundatud vannilaud.<br \/>\nT\u00e4name Thereset ilusate piltide ja maitseka kujunduse eest.<br \/>\nVannilaud valmistatud Euroopa tammest.<br \/>\nTammepuit viimistletud Rubio Monocoat \u00f5liga.<br \/>\nSaadaval kolme tooni: valgendatud, puit ja must.<\/p>","protected":false},"excerpt":{"rendered":"<p>Tammepuidust vannilaud, viimistlus &#8211; immutatud \u00f5liga.<\/p>","protected":false},"featured_media":11509,"template":"","meta":{"_acf_changed":false,"_seopress_robots_primary_cat":"none","_seopress_titles_title":"Vannilaud \"Sisuko tamm\" - disainer Therese Ostrat","_seopress_titles_desc":"Vannilaud \"Sisuko tamm\" - disainer Therese Ostrat, teostus Sisustuskoda Valter-Johannes Sirge. Valmistatud vannituppa sobima enamuse vannide ...","_seopress_robots_index":"","site-sidebar-layout":"default","site-content-layout":"default","ast-site-content-layout":"default","site-content-style":"default","site-sidebar-style":"default","ast-global-header-display":"","ast-banner-title-visibility":"","ast-main-header-display":"","ast-hfb-above-header-display":"","ast-hfb-below-header-display":"","ast-hfb-mobile-header-display":"","site-post-title":"","ast-breadcrumbs-content":"","ast-featured-img":"","footer-sml-layout":"","ast-disable-related-posts":"","theme-transparent-header-meta":"default","adv-header-id-meta":"","stick-header-meta":"default","header-above-stick-meta":"","header-main-stick-meta":"","header-below-stick-meta":"","astra-migrate-meta-layouts":"set","ast-page-background-enabled":"default","ast-page-background-meta":{"desktop":{"background-color":"","background-image":"","background-repeat":"repeat","background-position":"center center","background-size":"auto","background-attachment":"scroll","background-type":"","background-media":"","overlay-type":"","overlay-color":"","overlay-opacity":"","overlay-gradient":""},"tablet":{"background-color":"","background-image":"","background-repeat":"repeat","background-position":"center center","background-size":"auto","background-attachment":"scroll","background-type":"","background-media":"","overlay-type":"","overlay-color":"","overlay-opacity":"","overlay-gradient":""},"mobile":{"background-color":"","background-image":"","background-repeat":"repeat","background-position":"center center","background-size":"auto","background-attachment":"scroll","background-type":"","background-media":"","overlay-type":"","overlay-color":"","overlay-opacity":"","overlay-gradient":""}},"ast-content-background-meta":{"desktop":{"background-color":"var(--ast-global-color-5)","background-image":"","background-repeat":"repeat","background-position":"center center","background-size":"auto","background-attachment":"scroll","background-type":"","background-media":"","overlay-type":"","overlay-color":"","overlay-opacity":"","overlay-gradient":""},"tablet":{"background-color":"var(--ast-global-color-5)","background-image":"","background-repeat":"repeat","background-position":"center center","background-size":"auto","background-attachment":"scroll","background-type":"","background-media":"","overlay-type":"","overlay-color":"","overlay-opacity":"","overlay-gradient":""},"mobile":{"background-color":"var(--ast-global-color-5)","background-image":"","background-repeat":"repeat","background-position":"center center","background-size":"auto","background-attachment":"scroll","background-type":"","background-media":"","overlay-type":"","overlay-color":"","overlay-opacity":"","overlay-gradient":""}}},"product_brand":[],"product_cat":[153,219],"product_tag":[169,221,220,222],"class_list":{"0":"post-11511","1":"product","2":"type-product","3":"status-publish","4":"has-post-thumbnail","6":"product_cat-moobel","7":"product_cat-vannituba","8":"product_tag-laud","9":"product_tag-tamm","10":"product_tag-vannilaud","11":"product_tag-vannituba","12":"pa_korgus-mm-223","13":"pa_laius-mm-217","14":"pa_pikkus-mm-216","15":"pa_tarneaeg-kuni-5-paeva","16":"pa_toonid-must-naturaalne-tamm-valgendatud","17":"pa_viimistlus-oli","18":"desktop-align-center","19":"tablet-align-center","20":"mobile-align-center","21":"ast-product-gallery-layout-horizontal","22":"ast-magnify-disabled","23":"ast-product-tabs-layout-horizontal","25":"first","26":"onbackorder","27":"taxable","28":"shipping-taxable","29":"purchasable","30":"product-type-simple"},"acf":[],"_links":{"self":[{"href":"https:\/\/sisuko.ee\/it\/wp-json\/wp\/v2\/product\/11511","targetHints":{"allow":["GET"]}}],"collection":[{"href":"https:\/\/sisuko.ee\/it\/wp-json\/wp\/v2\/product"}],"about":[{"href":"https:\/\/sisuko.ee\/it\/wp-json\/wp\/v2\/types\/product"}],"version-history":[{"count":1,"href":"https:\/\/sisuko.ee\/it\/wp-json\/wp\/v2\/product\/11511\/revisions"}],"predecessor-version":[{"id":45888,"href":"https:\/\/sisuko.ee\/it\/wp-json\/wp\/v2\/product\/11511\/revisions\/45888"}],"wp:featuredmedia":[{"embeddable":true,"href":"https:\/\/sisuko.ee\/it\/wp-json\/wp\/v2\/media\/11509"}],"wp:attachment":[{"href":"https:\/\/sisuko.ee\/it\/wp-json\/wp\/v2\/media?parent=11511"}],"wp:term":[{"taxonomy":"product_brand","embeddable":true,"href":"https:\/\/sisuko.ee\/it\/wp-json\/wp\/v2\/product_brand?post=11511"},{"taxonomy":"product_cat","embeddable":true,"href":"https:\/\/sisuko.ee\/it\/wp-json\/wp\/v2\/product_cat?post=11511"},{"taxonomy":"product_tag","embeddable":true,"href":"https:\/\/sisuko.ee\/it\/wp-json\/wp\/v2\/product_tag?post=11511"}],"curies":[{"name":"wp","href":"https:\/\/api.w.org\/{rel}","templated":true}]}}