{"id":2229,"date":"2019-11-21T09:00:38","date_gmt":"2019-11-21T06:00:38","guid":{"rendered":"https:\/\/sisuko.ee\/?page_id=2229"},"modified":"2019-11-21T09:08:02","modified_gmt":"2019-11-21T06:08:02","slug":"privaatsuspoliitika","status":"publish","type":"page","link":"https:\/\/sisuko.ee\/it\/privaatsuspoliitika\/","title":{"rendered":"Privaatsuspoliitika"},"content":{"rendered":"<div data-elementor-type=\"wp-page\" data-elementor-id=\"2229\" class=\"elementor elementor-2229\" data-elementor-post-type=\"page\">\n\t\t\t\t\t\t<section class=\"elementor-section elementor-top-section elementor-element elementor-element-87d9686 elementor-section-boxed elementor-section-height-default elementor-section-height-default\" data-id=\"87d9686\" data-element_type=\"section\" data-e-type=\"section\">\n\t\t\t\t\t\t<div class=\"elementor-container elementor-column-gap-default\">\n\t\t\t\t\t<div class=\"elementor-column elementor-col-100 elementor-top-column elementor-element elementor-element-4132162\" data-id=\"4132162\" data-element_type=\"column\" data-e-type=\"column\">\n\t\t\t<div class=\"elementor-widget-wrap elementor-element-populated\">\n\t\t\t\t\t\t<div class=\"elementor-element elementor-element-2b39a3d elementor-widget elementor-widget-heading\" data-id=\"2b39a3d\" data-element_type=\"widget\" data-e-type=\"widget\" data-widget_type=\"heading.default\">\n\t\t\t\t<div class=\"elementor-widget-container\">\n\t\t\t\t\t<h2 class=\"elementor-heading-title elementor-size-default\">Privaatsuspoliitika<\/h2>\t\t\t\t<\/div>\n\t\t\t\t<\/div>\n\t\t\t\t<div class=\"elementor-element elementor-element-269c211 elementor-widget elementor-widget-text-editor\" data-id=\"269c211\" data-element_type=\"widget\" data-e-type=\"widget\" data-widget_type=\"text-editor.default\">\n\t\t\t\t<div class=\"elementor-widget-container\">\n\t\t\t\t\t\t\t\t\t<p><strong>Sisustuskoda O\u00dc<\/strong>, edaspidi <strong>SISUKO<\/strong> on v\u00f5tnud endale kohustuse kaitsta klientide ja kasutajate privaatsust. Sellest l\u00e4htuvalt oleme koostanud k\u00e4esolevad privaatsuspoliitika p\u00f5him\u00f5tted, mis k\u00e4sitlevad kliendi andmete kogumist, kasutamist, avaldamist, edastamist ja talletamist. Meie tegevus internetis on koosk\u00f5las k\u00f5igi asjakohaste tegevuste ja vastavate Euroopa Liidu \u00f5igusaktide ja Eesti Vabariigi seadustega.<\/p><p><strong>Isikuandmete kogumine ja kasutamine<\/strong><\/p><p>Isikuandmed on Sinu, kui eraisikuga konkreetselt v\u00f5i kaudselt seostatavad andmed, mida\u00a0<strong>SISUKO<\/strong> kogub ja t\u00f6\u00f6tleb \u00fcksikisikuga s\u00f5lmitud lepingu t\u00e4itmiseks v\u00f5i temaga \u00fchenduse v\u00f5tmiseks ning seadustest tulenevate kohustuste t\u00e4itmiseks.<\/p><p>P\u00fcsikliendi isikuandmete kogumine v\u00f5ib toimuda allj\u00e4rgnevatel viisidel:<br \/>\u2022 kontaktandmete (sh sinu nimi, isikukood, postiaadress, telefoninumber, e-posti aadress, eelistatud kontakteerumisviis) esitamisel\u00a0 meie veebisaidil v\u00f5i mujal (n\u00e4it. kauplused);<br \/>\u2022 veebisaidi kasutamisel kliendi kontoinfost v\u00f5i k\u00fcpsiste (cookies) kaudu<br \/>\u2022 ostu v\u00f5i tellimuse sooritamisel meie poes v\u00f5i e-poes isiku kontaktandmete v\u00f5i ostueelistusi puudutavate andmete\u00a0 talletamisel.<\/p><p><strong>Kogutud isikuandmete kasutamine ja s\u00e4ilitamine<\/strong><\/p><p>Kogutud isikuandmeid kasutame \u00a0kauba kohaletoimetamiseks ning kliendi ees v\u00f5etud kohustuste t\u00e4itmiseks.<br \/>Privaatsuspoliitika tingimustega n\u00f5ustumisel annab klient\u00a0\u00a0n\u00f5usoleku enda andmete automatiseeritud t\u00f6\u00f6tlemiseks. V\u00f5id alati oma n\u00f5usoleku tagasi v\u00f5tta tehes avalduse.\u00a0Kliendi paremaks teenindamiseks v\u00f5ib\u00a0\u00a0avaldada teavet \u00fcksikute kasutajate kohta kolmandale osapoolele, kes osutab\u00a0<strong>SISUKO-le<\/strong>\u00a0teenuseid ning on lepinguga kohustunud hoidma jagatud teavet konfidentsiaalsena. Kolmandaks osapooleks on n\u00e4iteks meie partner, kelle \u00fclesanneteks on e-poes m\u00fc\u00fcdavate kaupade transport.\u00a0<strong>SISUKO<\/strong>\u00a0on isikuandmete vastutav t\u00f6\u00f6tleja,\u00a0<strong>SISUKO<\/strong>\u00a0edastab maksete teostamiseks vajalikud isikuandmed volitatud t\u00f6\u00f6tleja Maksekeskus AS-le.<\/p><p><strong>Isikuandmete kaitse<\/strong><\/p><p>Kliendil on \u00f5igus n\u00f5uda oma andmete t\u00f6\u00f6tlemise l\u00f5petamist, teavet andmete kasutamise kohta ning andmete edastamist endale v\u00f5i kolmandale isikule \u00fcldkasutatavas vormingus. V\u00e4ltimaks kliendi andmete ja \u00f5iguste v\u00e4\u00e4rkasutust on taotlusi lubatud esitada \u00fcksnes vormis, kus taotleja isik on tuvastatav (digitaalselt allkirjastatud v\u00f5i esinduses isiklikult allkirjastatud).<\/p><p><strong>Privaatsuspoliitika tingimused ja muudatused<\/strong><\/p><p>Meie veebisaiti kasutama asudes v\u00f5i p\u00fcsikliendi avalduse t\u00e4itmisel oled k\u00e4esolevate p\u00f5him\u00f5tete ja tingimustega tutvunud ning nendega n\u00f5ustunud. J\u00e4tame endale \u00f5iguse vajadusel privaatsuspoliitika \u00fcldtingimusi muuta, teavitades sellest k\u00f5iki p\u00fcsikliente, kuid anname oma parima, et hoida meie privaatsuspoliitika ajakohase ja Sinule k\u00e4ttesaadavana meie kodulehel.<br \/>Sul on alati \u00f5igus p\u00f6\u00f6rduda oma andmete kaitsmiseks Andmekaitse Inspektsiooni v\u00f5i kohtu poole. Andmekaitse Inspektsiooni n\u00e4ol on tegemist riikliku asutusega, mille poole on v\u00f5imalik p\u00f6\u00f6rduda ka isikuandmete kaitse teemadel konsultatsiooni v\u00f5i abi saamiseks.<\/p><p>\u00a0<\/p>\t\t\t\t\t\t\t\t<\/div>\n\t\t\t\t<\/div>\n\t\t\t\t\t<\/div>\n\t\t<\/div>\n\t\t\t\t\t<\/div>\n\t\t<\/section>\n\t\t\t\t<\/div>","protected":false},"excerpt":{"rendered":"<p>Privaatsuspoliitika Sisustuskoda O\u00dc, edaspidi SISUKO on v\u00f5tnud endale kohustuse kaitsta klientide ja kasutajate privaatsust. Sellest l\u00e4htuvalt oleme koostanud k\u00e4esolevad privaatsuspoliitika p\u00f5him\u00f5tted, mis k\u00e4sitlevad kliendi andmete kogumist, kasutamist, avaldamist, edastamist ja talletamist. Meie tegevus internetis on koosk\u00f5las k\u00f5igi asjakohaste tegevuste ja vastavate Euroopa Liidu \u00f5igusaktide ja Eesti Vabariigi seadustega. Isikuandmete kogumine ja kasutamine Isikuandmed on Sinu, [&hellip;]<\/p>\n","protected":false},"author":1,"featured_media":0,"parent":0,"menu_order":0,"comment_status":"closed","ping_status":"closed","template":"","meta":{"_acf_changed":false,"_seopress_robots_primary_cat":"","_seopress_titles_title":"","_seopress_titles_desc":"","_seopress_robots_index":"yes","site-sidebar-layout":"no-sidebar","site-content-layout":"page-builder","ast-site-content-layout":"default","site-content-style":"default","site-sidebar-style":"default","ast-global-header-display":"","ast-banner-title-visibility":"","ast-main-header-display":"","ast-hfb-above-header-display":"","ast-hfb-below-header-display":"","ast-hfb-mobile-header-display":"","site-post-title":"disabled","ast-breadcrumbs-content":"","ast-featured-img":"disabled","footer-sml-layout":"","ast-disable-related-posts":"","theme-transparent-header-meta":"default","adv-header-id-meta":"","stick-header-meta":"default","header-above-stick-meta":"","header-main-stick-meta":"","header-below-stick-meta":"","astra-migrate-meta-layouts":"default","ast-page-background-enabled":"default","ast-page-background-meta":{"desktop":{"background-color":"","background-image":"","background-repeat":"repeat","background-position":"center center","background-size":"auto","background-attachment":"scroll","background-type":"","background-media":"","overlay-type":"","overlay-color":"","overlay-opacity":"","overlay-gradient":""},"tablet":{"background-color":"","background-image":"","background-repeat":"repeat","background-position":"center center","background-size":"auto","background-attachment":"scroll","background-type":"","background-media":"","overlay-type":"","overlay-color":"","overlay-opacity":"","overlay-gradient":""},"mobile":{"background-color":"","background-image":"","background-repeat":"repeat","background-position":"center center","background-size":"auto","background-attachment":"scroll","background-type":"","background-media":"","overlay-type":"","overlay-color":"","overlay-opacity":"","overlay-gradient":""}},"ast-content-background-meta":{"desktop":{"background-color":"var(--ast-global-color-5)","background-image":"","background-repeat":"repeat","background-position":"center center","background-size":"auto","background-attachment":"scroll","background-type":"","background-media":"","overlay-type":"","overlay-color":"","overlay-opacity":"","overlay-gradient":""},"tablet":{"background-color":"var(--ast-global-color-5)","background-image":"","background-repeat":"repeat","background-position":"center center","background-size":"auto","background-attachment":"scroll","background-type":"","background-media":"","overlay-type":"","overlay-color":"","overlay-opacity":"","overlay-gradient":""},"mobile":{"background-color":"var(--ast-global-color-5)","background-image":"","background-repeat":"repeat","background-position":"center center","background-size":"auto","background-attachment":"scroll","background-type":"","background-media":"","overlay-type":"","overlay-color":"","overlay-opacity":"","overlay-gradient":""}},"footnotes":""},"class_list":["post-2229","page","type-page","status-publish","hentry"],"acf":[],"_links":{"self":[{"href":"https:\/\/sisuko.ee\/it\/wp-json\/wp\/v2\/pages\/2229","targetHints":{"allow":["GET"]}}],"collection":[{"href":"https:\/\/sisuko.ee\/it\/wp-json\/wp\/v2\/pages"}],"about":[{"href":"https:\/\/sisuko.ee\/it\/wp-json\/wp\/v2\/types\/page"}],"author":[{"embeddable":true,"href":"https:\/\/sisuko.ee\/it\/wp-json\/wp\/v2\/users\/1"}],"replies":[{"embeddable":true,"href":"https:\/\/sisuko.ee\/it\/wp-json\/wp\/v2\/comments?post=2229"}],"version-history":[{"count":0,"href":"https:\/\/sisuko.ee\/it\/wp-json\/wp\/v2\/pages\/2229\/revisions"}],"wp:attachment":[{"href":"https:\/\/sisuko.ee\/it\/wp-json\/wp\/v2\/media?parent=2229"}],"curies":[{"name":"wp","href":"https:\/\/api.w.org\/{rel}","templated":true}]}}