{"id":4315,"date":"2020-04-02T13:18:03","date_gmt":"2020-04-02T11:18:03","guid":{"rendered":"https:\/\/sisuko.ee\/toode\/tammeplank-laud-oak-master\/"},"modified":"2020-04-02T13:18:04","modified_gmt":"2020-04-02T11:18:04","slug":"tammeplank-laud-oak-master","status":"publish","type":"product","link":"https:\/\/sisuko.ee\/en\/product\/tammeplank-laud-oak-master\/","title":{"rendered":"Tammeplank laud &#8220;OAK MASTER&#8221;"},"content":{"rendered":"<p>K\u00e4sit\u00f6\u00f6meistrite poolt hoolega valitud paksust tammest s\u00f6\u00f6gilaud, millel malmist torujalad.<br \/>\nLauaplaat viimistletud Rubio Monocoat Pure \u00f5liga.<\/p>","protected":false},"excerpt":{"rendered":"<p>Tammepuidust lauaplaadi ja malmist torujalgadega s\u00f6\u00f6gilaud.<\/p>","protected":false},"featured_media":1972,"template":"","meta":{"_acf_changed":false,"_seopress_robots_primary_cat":"","_seopress_titles_title":"","_seopress_titles_desc":"","_seopress_robots_index":"","site-sidebar-layout":"default","site-content-layout":"","ast-site-content-layout":"default","site-content-style":"default","site-sidebar-style":"default","ast-global-header-display":"","ast-banner-title-visibility":"","ast-main-header-display":"","ast-hfb-above-header-display":"","ast-hfb-below-header-display":"","ast-hfb-mobile-header-display":"","site-post-title":"","ast-breadcrumbs-content":"","ast-featured-img":"","footer-sml-layout":"","ast-disable-related-posts":"","theme-transparent-header-meta":"","adv-header-id-meta":"","stick-header-meta":"","header-above-stick-meta":"","header-main-stick-meta":"","header-below-stick-meta":"","astra-migrate-meta-layouts":"default","ast-page-background-enabled":"default","ast-page-background-meta":{"desktop":{"background-color":"","background-image":"","background-repeat":"repeat","background-position":"center center","background-size":"auto","background-attachment":"scroll","background-type":"","background-media":"","overlay-type":"","overlay-color":"","overlay-opacity":"","overlay-gradient":""},"tablet":{"background-color":"","background-image":"","background-repeat":"repeat","background-position":"center center","background-size":"auto","background-attachment":"scroll","background-type":"","background-media":"","overlay-type":"","overlay-color":"","overlay-opacity":"","overlay-gradient":""},"mobile":{"background-color":"","background-image":"","background-repeat":"repeat","background-position":"center center","background-size":"auto","background-attachment":"scroll","background-type":"","background-media":"","overlay-type":"","overlay-color":"","overlay-opacity":"","overlay-gradient":""}},"ast-content-background-meta":{"desktop":{"background-color":"var(--ast-global-color-5)","background-image":"","background-repeat":"repeat","background-position":"center center","background-size":"auto","background-attachment":"scroll","background-type":"","background-media":"","overlay-type":"","overlay-color":"","overlay-opacity":"","overlay-gradient":""},"tablet":{"background-color":"var(--ast-global-color-5)","background-image":"","background-repeat":"repeat","background-position":"center center","background-size":"auto","background-attachment":"scroll","background-type":"","background-media":"","overlay-type":"","overlay-color":"","overlay-opacity":"","overlay-gradient":""},"mobile":{"background-color":"var(--ast-global-color-5)","background-image":"","background-repeat":"repeat","background-position":"center center","background-size":"auto","background-attachment":"scroll","background-type":"","background-media":"","overlay-type":"","overlay-color":"","overlay-opacity":"","overlay-gradient":""}}},"product_brand":[],"product_cat":[153,186],"product_tag":[169,187],"class_list":{"0":"post-4315","1":"product","2":"type-product","3":"status-publish","4":"has-post-thumbnail","6":"product_cat-moobel","7":"product_cat-oak-table","8":"product_tag-laud","9":"product_tag-tammelaud","10":"pa_korgus-mm-185","11":"pa_laius-mm-184","12":"pa_pikkus-mm-183","13":"pa_tarneaeg-kuni-60-paeva","14":"pa_toonid-naturaalne-tamm-jalad-ral-9005","15":"pa_viimistlus-oli","16":"desktop-align-center","17":"tablet-align-center","18":"mobile-align-center","19":"ast-product-gallery-layout-horizontal","20":"ast-magnify-disabled","21":"ast-product-tabs-layout-horizontal","23":"first","24":"onbackorder","25":"taxable","26":"shipping-taxable","27":"purchasable","28":"product-type-simple"},"acf":[],"_links":{"self":[{"href":"https:\/\/sisuko.ee\/en\/wp-json\/wp\/v2\/product\/4315","targetHints":{"allow":["GET"]}}],"collection":[{"href":"https:\/\/sisuko.ee\/en\/wp-json\/wp\/v2\/product"}],"about":[{"href":"https:\/\/sisuko.ee\/en\/wp-json\/wp\/v2\/types\/product"}],"version-history":[{"count":0,"href":"https:\/\/sisuko.ee\/en\/wp-json\/wp\/v2\/product\/4315\/revisions"}],"wp:featuredmedia":[{"embeddable":true,"href":"https:\/\/sisuko.ee\/en\/wp-json\/wp\/v2\/media\/1972"}],"wp:attachment":[{"href":"https:\/\/sisuko.ee\/en\/wp-json\/wp\/v2\/media?parent=4315"}],"wp:term":[{"taxonomy":"product_brand","embeddable":true,"href":"https:\/\/sisuko.ee\/en\/wp-json\/wp\/v2\/product_brand?post=4315"},{"taxonomy":"product_cat","embeddable":true,"href":"https:\/\/sisuko.ee\/en\/wp-json\/wp\/v2\/product_cat?post=4315"},{"taxonomy":"product_tag","embeddable":true,"href":"https:\/\/sisuko.ee\/en\/wp-json\/wp\/v2\/product_tag?post=4315"}],"curies":[{"name":"wp","href":"https:\/\/api.w.org\/{rel}","templated":true}]}}